{"id":29,"date":"2014-10-15T12:04:49","date_gmt":"2014-10-15T10:04:49","guid":{"rendered":"http:\/\/www.michael-bumann.de\/?page_id=29"},"modified":"2017-02-03T10:12:50","modified_gmt":"2017-02-03T08:12:50","slug":"tauchen","status":"publish","type":"page","link":"https:\/\/www.michael-bumann.de\/?page_id=29","title":{"rendered":"Tauchen"},"content":{"rendered":"<p class=\"text1\">Zu meinen neuesten Hobbies geh\u00f6rt seit kurzen nun auch das Tauchen.<br \/>\nNachdem mein Vater seinen Tauchschein gemacht hat, war ich von seinen Erz\u00e4hlungen und den Fotos fasziniert.<br \/>\nNun bot sich mir die M\u00f6glichkeit \u00fcber den Universit\u00e4tssport auch einen Tauchschein zu erwerben.<br \/>\nNachdem im Januar die Theoriepr\u00fcfung bestanden wurde, konnte es also mit der praktischen Ausbildung weitergehen.<br \/>\nIm Mai konnte ich dann stolz meinen Grundtauchschein in den H\u00e4nden halten und am 07.07.07 auch meinen CMAS*.<br \/>\nNun kann es mit dem Erkunden der Tauchreviere losgehen.<\/p>\n<p class=\"text1\">Im \u00c4gyptenurlaub im Oktober 2014 habe ich 2 weitere Brevetierungen erhalten. Zum einen den Deep Diver und zum anderen den Nitrox Diver. Dazu gab es dann gleich noch den Specialty Diver.<\/p>\n<h4>Technik \/ Ausr\u00fcstung<\/h4>\n<p class=\"text1\">Als 1.Stufe nutze ich eine MR52T von Mares. Diese ist kaltwassertauglich und zeichnet sich durch geringe Atemarbeit aus.<br \/>\nAls 2. Stufe nutze ich einen Mares Abyss\u00a0passend zur 1. Stufe.<br \/>\nZus\u00e4tzlich nutze ich einen Octopus MV, ebenfalls von Mares. Ein 6.5 mm Nassanzug von Pegaso sowie ein Shorty gleicher Firma sch\u00fctzt mich vor Unterk\u00fchlung.<br \/>\nAls Konsole nutze ich eine Suunto CB2 mit zugeh\u00f6rigem Kompassmodul SK7. Vorteil dieser Konsole ist das beliebige Umbauen und Erweitern,<br \/>\nohne die ganze Konsole wechseln zu m\u00fcssen. In diesen habe ich meinen Tauchcomputer, einen Suunto Zoop, ebenfalls integriert. Meine Maske ist eine X-Vision von Mares, Flossen lieferte Pegaso.<br \/>\nZum Tarieren nutze ich ein bleiintegriertes CRESSI-SUB Aquapro 5R. Alles in allem bin ich mit meiner Ausr\u00fcstung sehr zufrieden.<\/p>\n","protected":false},"excerpt":{"rendered":"<p>Zu meinen neuesten Hobbies geh\u00f6rt seit kurzen nun auch das Tauchen. Nachdem mein Vater seinen Tauchschein gemacht hat, war ich von seinen Erz\u00e4hlungen und den Fotos fasziniert. Nun bot sich mir die M\u00f6glichkeit \u00fcber den Universit\u00e4tssport auch einen Tauchschein zu erwerben. Nachdem im Januar die Theoriepr\u00fcfung bestanden wurde, konnte es also mit der praktischen Ausbildung [&hellip;]<\/p>\n","protected":false},"author":1,"featured_media":0,"parent":179,"menu_order":2,"comment_status":"closed","ping_status":"closed","template":"","meta":[],"_links":{"self":[{"href":"https:\/\/www.michael-bumann.de\/index.php?rest_route=\/wp\/v2\/pages\/29"}],"collection":[{"href":"https:\/\/www.michael-bumann.de\/index.php?rest_route=\/wp\/v2\/pages"}],"about":[{"href":"https:\/\/www.michael-bumann.de\/index.php?rest_route=\/wp\/v2\/types\/page"}],"author":[{"embeddable":true,"href":"https:\/\/www.michael-bumann.de\/index.php?rest_route=\/wp\/v2\/users\/1"}],"replies":[{"embeddable":true,"href":"https:\/\/www.michael-bumann.de\/index.php?rest_route=%2Fwp%2Fv2%2Fcomments&post=29"}],"version-history":[{"count":4,"href":"https:\/\/www.michael-bumann.de\/index.php?rest_route=\/wp\/v2\/pages\/29\/revisions"}],"predecessor-version":[{"id":39,"href":"https:\/\/www.michael-bumann.de\/index.php?rest_route=\/wp\/v2\/pages\/29\/revisions\/39"}],"up":[{"embeddable":true,"href":"https:\/\/www.michael-bumann.de\/index.php?rest_route=\/wp\/v2\/pages\/179"}],"wp:attachment":[{"href":"https:\/\/www.michael-bumann.de\/index.php?rest_route=%2Fwp%2Fv2%2Fmedia&parent=29"}],"curies":[{"name":"wp","href":"https:\/\/api.w.org\/{rel}","templated":true}]}}