{"id":35,"date":"2014-10-15T12:07:53","date_gmt":"2014-10-15T10:07:53","guid":{"rendered":"http:\/\/www.michael-bumann.de\/?page_id=35"},"modified":"2017-02-03T10:11:11","modified_gmt":"2017-02-03T08:11:11","slug":"impressum","status":"publish","type":"page","link":"https:\/\/www.michael-bumann.de\/?page_id=35","title":{"rendered":"Impressum"},"content":{"rendered":"<p>Verantwortung f\u00fcr Inhalt und Design:<\/p>\n<p>Michael Bumann<br \/>\nTulpenweg 8<br \/>\n98646 Hildburghausen<br \/>\nGermany<\/p>\n<p>Email: m.bumann@michael-bumann.de<\/p>\n<p>Disclaimer \u2013 rechtliche Hinweise<\/p>\n<p>* Haftungsbeschr\u00e4nkung f\u00fcr eigene Inhalte<\/p>\n<p>Alle Inhalte meines\u00a0Internetauftritts wurden mit Sorgfalt und nach bestem Gewissen erstellt. Eine Gew\u00e4hr f\u00fcr die Aktualit\u00e4t, Vollst\u00e4ndigkeit und Richtigkeit s\u00e4mtlicher Seiten kann jedoch nicht \u00fcbernommen werden. Gem\u00e4\u00df \u00a7 7 Abs. 1 TMG bin ich\u00a0als Dienstanbieter f\u00fcr eigene Inhalte auf diesen Seiten nach den allgemeinen Gesetzen verantwortlich, nach den \u00a7\u00a7 8 bis 10 TMG jedoch nicht verpflichtet, die \u00fcbermittelten oder gespeicherten fremden Informationen zu \u00fcberwachen. Eine umgehende Entfernung dieser Inhalte erfolgt ab dem Zeitpunkt der Kenntnis einer konkreten Rechtsverletzung und ich hafte nicht vor dem Zeitpunkt der Kenntniserlangung.<\/p>\n<p>* Haftungsbeschr\u00e4nkung f\u00fcr externe Links<\/p>\n<p>Meine\u00a0Webseite enth\u00e4lt sog. \u201eexterne Links\u201c (Verkn\u00fcpfungen zu Webseiten Dritter), auf deren Inhalt ich keinen Einfluss habe und f\u00fcr den ich aus diesem Grund keine Gew\u00e4hr \u00fcbernehme. F\u00fcr die Inhalte und Richtigkeit der Informationen ist der jeweilige Informationsanbieter der verlinkten Webseite verantwortlich. Als die Verlinkung vorgenommen wurde, waren f\u00fcr mich keine Rechtsverst\u00f6\u00dfe erkennbar. Sollte mir eine Rechtsverletzung bekannt werden, wird der jeweilige Link umgehend von mir entfernt.<br \/>\n* Urheberrecht<\/p>\n<p>Die auf dieser Webseite ver\u00f6ffentlichten Inhalte und Werke unterliegen dem deutschen Urheberrecht. Jede Art der Vervielf\u00e4ltigung, Bearbeitung, Verbreitung und jede Art der Verwertung au\u00dferhalb der Grenzen des Urheberrechts bedarf der vorherigen schriftlichen Zustimmung des jeweiligen Urhebers bzw. Autors.<\/p>\n<p>* Datenschutz<\/p>\n<p>Durch den Besuch meines Internetauftritts k\u00f6nnen Informationen \u00fcber den Zugriff (Datum, Uhrzeit, aufgerufene Seite) auf dem Server gespeichert werden. Dies stellt keine Auswertung personenbezogener Daten (z.B. Name, Anschrift oder E-Mail Adresse) dar. Sofern personenbezogene Daten erhoben werden, erfolgt dies \u2013 sofern m\u00f6glich \u2013 nur mit dem vorherigen Einverst\u00e4ndnis des Nutzers der Webseite. Eine Weiterleitung der Daten an Dritte findet ohne ausdr\u00fcckliche Zustimmung des Nutzers nicht statt. Ich weise ausdr\u00fccklich darauf hin, dass die \u00dcbertragung von Daten im Internet (z.B. per E-Mail) Sicherheitsl\u00fccken aufweisen kann. Ein l\u00fcckenloser Schutz der Daten vor dem Zugriff Dritter kann nicht gew\u00e4hrleistet werden. Ich kann keine Haftung f\u00fcr die durch solche Sicherheitsl\u00fccken entstehenden Sch\u00e4den \u00fcbernehmen. Der Verwendung ver\u00f6ffentlichter Kontaktdaten durch Dritte zum Zwecke von Werbung wird ausdr\u00fccklich widersprochen. Ich behalte mir rechtliche Schritte f\u00fcr den Fall der unverlangten Zusendung von Werbeinformationen, z.B. durch Spam-Mails, vor.<\/p>\n","protected":false},"excerpt":{"rendered":"<p>Verantwortung f\u00fcr Inhalt und Design: Michael Bumann Tulpenweg 8 98646 Hildburghausen Germany Email: m.bumann@michael-bumann.de Disclaimer \u2013 rechtliche Hinweise * Haftungsbeschr\u00e4nkung f\u00fcr eigene Inhalte Alle Inhalte meines\u00a0Internetauftritts wurden mit Sorgfalt und nach bestem Gewissen erstellt. Eine Gew\u00e4hr f\u00fcr die Aktualit\u00e4t, Vollst\u00e4ndigkeit und Richtigkeit s\u00e4mtlicher Seiten kann jedoch nicht \u00fcbernommen werden. Gem\u00e4\u00df \u00a7 7 Abs. 1 TMG [&hellip;]<\/p>\n","protected":false},"author":1,"featured_media":0,"parent":0,"menu_order":5,"comment_status":"closed","ping_status":"closed","template":"","meta":[],"_links":{"self":[{"href":"https:\/\/www.michael-bumann.de\/index.php?rest_route=\/wp\/v2\/pages\/35"}],"collection":[{"href":"https:\/\/www.michael-bumann.de\/index.php?rest_route=\/wp\/v2\/pages"}],"about":[{"href":"https:\/\/www.michael-bumann.de\/index.php?rest_route=\/wp\/v2\/types\/page"}],"author":[{"embeddable":true,"href":"https:\/\/www.michael-bumann.de\/index.php?rest_route=\/wp\/v2\/users\/1"}],"replies":[{"embeddable":true,"href":"https:\/\/www.michael-bumann.de\/index.php?rest_route=%2Fwp%2Fv2%2Fcomments&post=35"}],"version-history":[{"count":5,"href":"https:\/\/www.michael-bumann.de\/index.php?rest_route=\/wp\/v2\/pages\/35\/revisions"}],"predecessor-version":[{"id":178,"href":"https:\/\/www.michael-bumann.de\/index.php?rest_route=\/wp\/v2\/pages\/35\/revisions\/178"}],"wp:attachment":[{"href":"https:\/\/www.michael-bumann.de\/index.php?rest_route=%2Fwp%2Fv2%2Fmedia&parent=35"}],"curies":[{"name":"wp","href":"https:\/\/api.w.org\/{rel}","templated":true}]}}